{"id":1133,"date":"2022-11-17T04:54:17","date_gmt":"2022-11-17T04:54:17","guid":{"rendered":"https:\/\/www.coconutprocess.com\/?page_id=1133"},"modified":"2026-02-27T07:37:47","modified_gmt":"2026-02-27T07:37:47","slug":"sobre-nosotras","status":"publish","type":"page","link":"https:\/\/www.coconutprocess.com\/es\/sobre-nosotras\/","title":{"rendered":"Sobre nosotras"},"content":{"rendered":"<p><img decoding=\"async\" class=\"alignnone wp-image-316 size-large\" src=\"https:\/\/www.coconutprocess.com\/wp-content\/uploads\/2025\/02\/Banner1-Coconut-Processing-Machine-Manufacturer-and-Supplier-1024x267.jpg\" alt=\"Banner1-Coconut-Processing-Machine-Manufacturer-and-Supplier\" width=\"1024\" height=\"267\" srcset=\"https:\/\/www.coconutprocess.com\/wp-content\/uploads\/2025\/02\/Banner1-Coconut-Processing-Machine-Manufacturer-and-Supplier-1024x267.jpg 1024w, https:\/\/www.coconutprocess.com\/wp-content\/uploads\/2025\/02\/Banner1-Coconut-Processing-Machine-Manufacturer-and-Supplier-300x78.jpg 300w, https:\/\/www.coconutprocess.com\/wp-content\/uploads\/2025\/02\/Banner1-Coconut-Processing-Machine-Manufacturer-and-Supplier-768x200.jpg 768w, https:\/\/www.coconutprocess.com\/wp-content\/uploads\/2025\/02\/Banner1-Coconut-Processing-Machine-Manufacturer-and-Supplier-1536x400.jpg 1536w, https:\/\/www.coconutprocess.com\/wp-content\/uploads\/2025\/02\/Banner1-Coconut-Processing-Machine-Manufacturer-and-Supplier.jpg 1920w\" sizes=\"(max-width: 1024px) 100vw, 1024px\" \/><\/p>\n<p>Romiter Machinery Co., Ltd. es un dise\u00f1ador y fabricante l\u00edder en el mercado de m\u00e1quinas para procesar coco, con 10 a\u00f1os de experiencia. Nuestra f\u00e1brica est\u00e1 ubicada en China Central, con f\u00e1cil acceso y una ubicaci\u00f3n geogr\u00e1fica privilegiada. Con una superficie de 36.000 metros cuadrados, la empresa ha invertido 180 millones de RMB en el proyecto. Durante los \u00faltimos 20 a\u00f1os, nos hemos centrado en la investigaci\u00f3n y el dise\u00f1o de maquinaria para procesar coco en diferentes tipos.<\/p>\n<p>Romiter Machinery goza de una amplia reputaci\u00f3n por sus productos de alta eficiencia, excelente fiabilidad, f\u00e1cil mantenimiento y larga vida \u00fatil. Romiter cuenta con un excelente equipo de soporte t\u00e9cnico, que incluye maquinistas y t\u00e9cnicos de servicio altamente experimentados. Todas nuestras m\u00e1quinas est\u00e1n equipadas con componentes de marcas reconocidas. Esto nos permite ofrecer a nuestros clientes m\u00e1quinas para procesar coco de alta calidad y tecnolog\u00eda de vanguardia a precios competitivos.<\/p>\n<p>Con el principio de gesti\u00f3n cient\u00edfica, honestidad y credibilidad, nuestra f\u00e1brica ha obtenido la certificaci\u00f3n del sistema de calidad ISO9001-2000. La m\u00e1quina procesadora de coco Romiter cumple con los requisitos de calidad europeos. Gracias a la certificaci\u00f3n CE, el cliente no tiene que preocuparse por la importaci\u00f3n.<\/p>\n<p>Romiter Group ofrece una soluci\u00f3n completa para el procesamiento de coco, que incluye, entre otros:<\/p>\n<p>Descascaradora de coco<br \/>\nDescascaradora de c\u00e1scara dura de coco<br \/>\nPeladora de coco<br \/>\nExtractora de fibra de c\u00e1scara de coco<br \/>\nM\u00e1quina de leche de coco<br \/>\nM\u00e1quina de jugo de coco<br \/>\nPeladora de hueso de coco<br \/>\nEmpacadora de coco<\/p>\n<p>Romiter Group ofrece productos personalizados. Cont\u00e1ctenos para obtener m\u00e1s informaci\u00f3n.<\/p>\n<p>Facebook Page: <a href=\"https:\/\/www.facebook.com\/CoconutProcess\/\" target=\"_blank\" rel=\"noopener\">https:\/\/www.facebook.com\/CoconutProcess\/<\/a><\/p>\n\n<div class=\"wpcf7 no-js\" id=\"wpcf7-f22-o1\" lang=\"en-US\" dir=\"ltr\" data-wpcf7-id=\"22\">\n<div class=\"screen-reader-response\"><p role=\"status\" aria-live=\"polite\" aria-atomic=\"true\"><\/p> <ul><\/ul><\/div>\n<form action=\"\/es\/wp-json\/wp\/v2\/pages\/1133#wpcf7-f22-o1\" method=\"post\" class=\"wpcf7-form init\" aria-label=\"Contact form\" novalidate=\"novalidate\" data-status=\"init\">\n<fieldset class=\"hidden-fields-container\"><input type=\"hidden\" name=\"_wpcf7\" value=\"22\" \/><input type=\"hidden\" name=\"_wpcf7_version\" value=\"6.1.5\" \/><input type=\"hidden\" name=\"_wpcf7_locale\" value=\"en_US\" \/><input type=\"hidden\" name=\"_wpcf7_unit_tag\" value=\"wpcf7-f22-o1\" \/><input type=\"hidden\" name=\"_wpcf7_container_post\" value=\"0\" \/><input type=\"hidden\" name=\"_wpcf7_posted_data_hash\" value=\"\" \/>\n<\/fieldset>\n<div id=\"inquiryForm\">\n\t<h2>Send Us Inquiry to Get Quotation\n\t<\/h2>\n\t<p>Please enter your contact information and the details you want to know about our product.\n\t<\/p>\n\t<p>Your Name (required)\n\t<\/p>\n\t<p><span class=\"wpcf7-form-control-wrap\" data-name=\"your-name\"><input size=\"40\" maxlength=\"400\" class=\"wpcf7-form-control wpcf7-text wpcf7-validates-as-required\" aria-required=\"true\" aria-invalid=\"false\" value=\"\" type=\"text\" name=\"your-name\" \/><\/span>\n\t<\/p>\n\t<p>Your Email (required)\n\t<\/p>\n\t<p><span class=\"wpcf7-form-control-wrap\" data-name=\"your-email\"><input size=\"40\" maxlength=\"400\" class=\"wpcf7-form-control wpcf7-email wpcf7-validates-as-required wpcf7-text wpcf7-validates-as-email\" aria-required=\"true\" aria-invalid=\"false\" value=\"\" type=\"email\" name=\"your-email\" \/><\/span>\n\t<\/p>\n\t<p>Country\n\t<\/p>\n\t<p><span class=\"wpcf7-form-control-wrap\" data-name=\"your-country\"><input size=\"40\" maxlength=\"400\" class=\"wpcf7-form-control wpcf7-text\" aria-invalid=\"false\" placeholder=\"Tell us Your Country\" value=\"\" type=\"text\" name=\"your-country\" \/><\/span>\n\t<\/p>\n\t<p>WhatsApp\n\t<\/p>\n\t<p><span class=\"wpcf7-form-control-wrap\" data-name=\"your-whatsapp\"><input size=\"40\" maxlength=\"400\" class=\"wpcf7-form-control wpcf7-text\" aria-invalid=\"false\" placeholder=\"Your WhatsApp ID with Country Code\" value=\"\" type=\"text\" name=\"your-whatsapp\" \/><\/span>\n\t<\/p>\n\t<p>Subject\n\t<\/p>\n\t<p><span class=\"wpcf7-form-control-wrap\" data-name=\"your-subject\"><input size=\"40\" maxlength=\"400\" class=\"wpcf7-form-control wpcf7-text\" aria-invalid=\"false\" value=\"\" type=\"text\" name=\"your-subject\" \/><\/span>\n\t<\/p>\n\t<p>Your Message (required)\n\t<\/p>\n\t<p><span class=\"wpcf7-form-control-wrap\" data-name=\"your-message\"><textarea cols=\"40\" rows=\"10\" maxlength=\"2000\" class=\"wpcf7-form-control wpcf7-textarea wpcf7-validates-as-required\" aria-required=\"true\" aria-invalid=\"false\" placeholder=\"please specify your detail requirement here\" name=\"your-message\"><\/textarea><\/span>\n\t<\/p>\n\t<p><input class=\"wpcf7-form-control wpcf7-submit has-spinner\" type=\"submit\" value=\"Send\" \/>\n\t<\/p>\n<\/div><p style=\"display: none !important;\" class=\"akismet-fields-container\" data-prefix=\"_wpcf7_ak_\"><label>&#916;<textarea name=\"_wpcf7_ak_hp_textarea\" cols=\"45\" rows=\"8\" maxlength=\"100\"><\/textarea><\/label><input type=\"hidden\" id=\"ak_js_1\" name=\"_wpcf7_ak_js\" value=\"73\"\/><script>document.getElementById( \"ak_js_1\" ).setAttribute( \"value\", ( new Date() ).getTime() );<\/script><\/p><div class=\"wpcf7-response-output\" aria-hidden=\"true\"><\/div>\n<\/form>\n<\/div>\n\n","protected":false},"excerpt":{"rendered":"<p>Romiter Machinery Co., Ltd. es un dise\u00f1ador y fabricante l\u00edder en el mercado de m\u00e1quinas para procesar coco, con 10 a\u00f1os de experiencia. Nuestra f\u00e1brica est\u00e1 ubicada en China Central, con f\u00e1cil acceso y una ubicaci\u00f3n geogr\u00e1fica privilegiada. Con una superficie de 36.000 metros cuadrados, la empresa ha invertido 180 millones de RMB en el proyecto. Durante los \u00faltimos 20 a\u00f1os, nos hemos centrado en la investigaci\u00f3n y el dise\u00f1o de maquinaria para procesar coco en diferentes tipos. Romiter Machinery goza de una amplia reputaci\u00f3n por sus productos de alta eficiencia, excelente fiabilidad, f\u00e1cil mantenimiento y larga vida \u00fatil. Romiter cuenta con un excelente equipo de soporte t\u00e9cnico, que incluye maquinistas y t\u00e9cnicos de servicio altamente experimentados. Todas nuestras m\u00e1quinas est\u00e1n equipadas con componentes de marcas reconocidas. Esto nos permite ofrecer a nuestros clientes m\u00e1quinas para procesar coco de alta calidad y tecnolog\u00eda de vanguardia a precios competitivos. Con el principio de gesti\u00f3n cient\u00edfica, honestidad y credibilidad, nuestra f\u00e1brica ha &#8230;<\/p>\n","protected":false},"author":1,"featured_media":0,"parent":0,"menu_order":0,"comment_status":"closed","ping_status":"closed","template":"","meta":{"footnotes":""},"class_list":["post-1133","page","type-page","status-publish","hentry"],"_links":{"self":[{"href":"https:\/\/www.coconutprocess.com\/es\/wp-json\/wp\/v2\/pages\/1133","targetHints":{"allow":["GET"]}}],"collection":[{"href":"https:\/\/www.coconutprocess.com\/es\/wp-json\/wp\/v2\/pages"}],"about":[{"href":"https:\/\/www.coconutprocess.com\/es\/wp-json\/wp\/v2\/types\/page"}],"author":[{"embeddable":true,"href":"https:\/\/www.coconutprocess.com\/es\/wp-json\/wp\/v2\/users\/1"}],"replies":[{"embeddable":true,"href":"https:\/\/www.coconutprocess.com\/es\/wp-json\/wp\/v2\/comments?post=1133"}],"version-history":[{"count":0,"href":"https:\/\/www.coconutprocess.com\/es\/wp-json\/wp\/v2\/pages\/1133\/revisions"}],"wp:attachment":[{"href":"https:\/\/www.coconutprocess.com\/es\/wp-json\/wp\/v2\/media?parent=1133"}],"curies":[{"name":"wp","href":"https:\/\/api.w.org\/{rel}","templated":true}]}}